{"id":21511,"date":"2025-01-24T14:01:06","date_gmt":"2025-01-24T14:01:06","guid":{"rendered":"https:\/\/boutique.orthinea.com\/?page_id=21511"},"modified":"2025-01-24T14:51:42","modified_gmt":"2025-01-24T14:51:42","slug":"remboursements_retours","status":"publish","type":"page","link":"https:\/\/boutique.orthinea.com\/?page_id=21511","title":{"rendered":"Retours"},"content":{"rendered":"\n<p>Les retours sont possibles dans les conditions de la r\u00e9glementation en vigueur, m\u00eame en BtoB.<\/p>\n\n\n\n<p>Les frais de transport retour sont \u00e0 votre charge. Le remboursement sera fait sur le montant per\u00e7u, donc le montant pay\u00e9 moins les frais pris par notre op\u00e9rateur de paiement en ligne.<\/p>\n\n\n\n<p>Nous pouvons vous fournir sur demande un bordereau de retour Colissimo. Dans ce cas, son co\u00fbt exact sera d\u00e9duit du remboursement.<\/p>\n\n\n\n<p>Les produits ne sont repris qu&rsquo;\u00e0 l&rsquo;\u00e9tat neuf, dans leur emballage d&rsquo;origine. Un produit manifestement utilis\u00e9 et\/ou retourn\u00e9 sans son emballage ou avec un emballage inutilisable vous sera rendu, sans remboursement. Seuls les emballages des fabricants sont concern\u00e9s (blister ou carton \u00e0 motifs). Vous pouvez librement remplacer l&#8217;emballage ext\u00e9rieur d&rsquo;exp\u00e9dition.<\/p>\n","protected":false},"excerpt":{"rendered":"<p>Les retours sont possibles dans les conditions de la r\u00e9glementation en vigueur, m\u00eame en BtoB. Les frais de transport retour sont \u00e0 votre charge. Le remboursement sera fait sur le montant per\u00e7u, donc le montant pay\u00e9 moins les frais pris par notre op\u00e9rateur de paiement en ligne. Nous pouvons vous fournir sur demande un bordereau [&hellip;]<\/p>\n","protected":false},"author":1,"featured_media":0,"parent":0,"menu_order":0,"comment_status":"closed","ping_status":"closed","template":"","meta":{"footnotes":""},"class_list":["post-21511","page","type-page","status-publish","hentry"],"jetpack_sharing_enabled":true,"_links":{"self":[{"href":"https:\/\/boutique.orthinea.com\/index.php?rest_route=\/wp\/v2\/pages\/21511","targetHints":{"allow":["GET"]}}],"collection":[{"href":"https:\/\/boutique.orthinea.com\/index.php?rest_route=\/wp\/v2\/pages"}],"about":[{"href":"https:\/\/boutique.orthinea.com\/index.php?rest_route=\/wp\/v2\/types\/page"}],"author":[{"embeddable":true,"href":"https:\/\/boutique.orthinea.com\/index.php?rest_route=\/wp\/v2\/users\/1"}],"replies":[{"embeddable":true,"href":"https:\/\/boutique.orthinea.com\/index.php?rest_route=%2Fwp%2Fv2%2Fcomments&post=21511"}],"version-history":[{"count":2,"href":"https:\/\/boutique.orthinea.com\/index.php?rest_route=\/wp\/v2\/pages\/21511\/revisions"}],"predecessor-version":[{"id":21653,"href":"https:\/\/boutique.orthinea.com\/index.php?rest_route=\/wp\/v2\/pages\/21511\/revisions\/21653"}],"wp:attachment":[{"href":"https:\/\/boutique.orthinea.com\/index.php?rest_route=%2Fwp%2Fv2%2Fmedia&parent=21511"}],"curies":[{"name":"wp","href":"https:\/\/api.w.org\/{rel}","templated":true}]}}