{"id":32,"date":"2019-05-13T14:45:17","date_gmt":"2019-05-13T14:45:17","guid":{"rendered":"https:\/\/boutique.orthinea.com\/?page_id=32"},"modified":"2025-01-29T14:27:43","modified_gmt":"2025-01-29T14:27:43","slug":"page-daccueil","status":"publish","type":"page","link":"https:\/\/boutique.orthinea.com\/","title":{"rendered":"Page d\u2019accueil"},"content":{"rendered":"<p>Site de vente en ligne ORTHINEA.<\/p>\n<p>Ce site est d\u00e9di\u00e9 \u00e0 certains articles accessibles \u00e0 tous. Si vous \u00eates professionnel et que des produits pr\u00e9sent\u00e9s ici vous int\u00e9ressent, commandez-les en s\u00e9lectionnant le paiement par virement, et en mettant votre code client en commentaire, afin de b\u00e9n\u00e9ficier des conditions d&rsquo;achat pro.<\/p>\n<p>Les gammes non r\u00e9pertori\u00e9es dans cette boutique sont r\u00e9serv\u00e9es aux clients professionnels disposant d&rsquo;un compte ouvert chez ORTHINEA. En tant que particulier, vous pouvez les consulter sur notre site internet <a href=\"http:\/\/orthinea.com\/index.html\">www.orthinea.com<\/a>, et passer commande chez votre revendeur m\u00e9dical habituel.<\/p>\n<p><a href=\"https:\/\/boutique.orthinea.com\/?post_type=product\"><img loading=\"lazy\" decoding=\"async\" class=\"alignnone size-full wp-image-21515\" src=\"https:\/\/boutique.orthinea.com\/wp-content\/uploads\/2023\/01\/Visiter-300x128-1.jpg\" alt=\"\" width=\"300\" height=\"128\" srcset=\"https:\/\/boutique.orthinea.com\/wp-content\/uploads\/2023\/01\/Visiter-300x128-1.jpg 300w, https:\/\/boutique.orthinea.com\/wp-content\/uploads\/2023\/01\/Visiter-300x128-1-141x60.jpg 141w, https:\/\/boutique.orthinea.com\/wp-content\/uploads\/2023\/01\/Visiter-300x128-1-211x90.jpg 211w\" sizes=\"auto, (max-width: 300px) 100vw, 300px\" \/><\/a><\/p>\n<p><a href=\"https:\/\/boutique.orthinea.com\/?page_id=10\"><img loading=\"lazy\" decoding=\"async\" class=\"alignnone size-medium wp-image-255\" src=\"https:\/\/boutique.orthinea.com\/wp-content\/uploads\/2019\/05\/Connexion-300x128.jpg\" alt=\"\" width=\"300\" height=\"128\" srcset=\"https:\/\/boutique.orthinea.com\/wp-content\/uploads\/2019\/05\/Connexion-300x128.jpg 300w, https:\/\/boutique.orthinea.com\/wp-content\/uploads\/2019\/05\/Connexion-416x178.jpg 416w, https:\/\/boutique.orthinea.com\/wp-content\/uploads\/2019\/05\/Connexion.jpg 561w\" sizes=\"auto, (max-width: 300px) 100vw, 300px\" \/><\/a><\/p>\n","protected":false},"excerpt":{"rendered":"<p>Site de vente en ligne ORTHINEA. Ce site est d\u00e9di\u00e9 \u00e0 certains articles accessibles \u00e0 tous. Si vous \u00eates professionnel et que des produits pr\u00e9sent\u00e9s ici vous int\u00e9ressent, commandez-les en s\u00e9lectionnant le paiement par virement, et en mettant votre code client en commentaire, afin de b\u00e9n\u00e9ficier des conditions d&rsquo;achat pro. Les gammes non r\u00e9pertori\u00e9es dans [&hellip;]<\/p>\n","protected":false},"author":1,"featured_media":0,"parent":0,"menu_order":0,"comment_status":"closed","ping_status":"closed","template":"template-fullwidth.php","meta":{"footnotes":""},"class_list":["post-32","page","type-page","status-publish","hentry"],"jetpack_sharing_enabled":true,"_links":{"self":[{"href":"https:\/\/boutique.orthinea.com\/index.php?rest_route=\/wp\/v2\/pages\/32","targetHints":{"allow":["GET"]}}],"collection":[{"href":"https:\/\/boutique.orthinea.com\/index.php?rest_route=\/wp\/v2\/pages"}],"about":[{"href":"https:\/\/boutique.orthinea.com\/index.php?rest_route=\/wp\/v2\/types\/page"}],"author":[{"embeddable":true,"href":"https:\/\/boutique.orthinea.com\/index.php?rest_route=\/wp\/v2\/users\/1"}],"replies":[{"embeddable":true,"href":"https:\/\/boutique.orthinea.com\/index.php?rest_route=%2Fwp%2Fv2%2Fcomments&post=32"}],"version-history":[{"count":8,"href":"https:\/\/boutique.orthinea.com\/index.php?rest_route=\/wp\/v2\/pages\/32\/revisions"}],"predecessor-version":[{"id":21660,"href":"https:\/\/boutique.orthinea.com\/index.php?rest_route=\/wp\/v2\/pages\/32\/revisions\/21660"}],"wp:attachment":[{"href":"https:\/\/boutique.orthinea.com\/index.php?rest_route=%2Fwp%2Fv2%2Fmedia&parent=32"}],"curies":[{"name":"wp","href":"https:\/\/api.w.org\/{rel}","templated":true}]}}