{"id":50,"date":"2019-05-13T14:45:18","date_gmt":"2019-05-13T14:45:18","guid":{"rendered":"https:\/\/boutique.orthinea.com\/?page_id=50"},"modified":"2019-05-13T20:35:12","modified_gmt":"2019-05-13T20:35:12","slug":"a-propos-de","status":"publish","type":"page","link":"https:\/\/boutique.orthinea.com\/?page_id=50","title":{"rendered":"\u00c0 propos de"},"content":{"rendered":"<p>ORTHINEA importe et distribue du mat\u00e9riel m\u00e9dical et des solutions pour la mobilit\u00e9, l&rsquo;accessibilit\u00e9 et le maintien \u00e0 domicile, des pi\u00e8ces d\u00e9tach\u00e9es multi-marques et des outillages sp\u00e9cifiques.<\/p>\n","protected":false},"excerpt":{"rendered":"<p>ORTHINEA importe et distribue du mat\u00e9riel m\u00e9dical et des solutions pour la mobilit\u00e9, l&rsquo;accessibilit\u00e9 et le maintien \u00e0 domicile, des pi\u00e8ces d\u00e9tach\u00e9es multi-marques et des outillages sp\u00e9cifiques.<\/p>\n","protected":false},"author":1,"featured_media":0,"parent":0,"menu_order":0,"comment_status":"closed","ping_status":"closed","template":"","meta":{"footnotes":""},"class_list":["post-50","page","type-page","status-publish","hentry"],"jetpack_sharing_enabled":true,"_links":{"self":[{"href":"https:\/\/boutique.orthinea.com\/index.php?rest_route=\/wp\/v2\/pages\/50","targetHints":{"allow":["GET"]}}],"collection":[{"href":"https:\/\/boutique.orthinea.com\/index.php?rest_route=\/wp\/v2\/pages"}],"about":[{"href":"https:\/\/boutique.orthinea.com\/index.php?rest_route=\/wp\/v2\/types\/page"}],"author":[{"embeddable":true,"href":"https:\/\/boutique.orthinea.com\/index.php?rest_route=\/wp\/v2\/users\/1"}],"replies":[{"embeddable":true,"href":"https:\/\/boutique.orthinea.com\/index.php?rest_route=%2Fwp%2Fv2%2Fcomments&post=50"}],"version-history":[{"count":3,"href":"https:\/\/boutique.orthinea.com\/index.php?rest_route=\/wp\/v2\/pages\/50\/revisions"}],"predecessor-version":[{"id":86,"href":"https:\/\/boutique.orthinea.com\/index.php?rest_route=\/wp\/v2\/pages\/50\/revisions\/86"}],"wp:attachment":[{"href":"https:\/\/boutique.orthinea.com\/index.php?rest_route=%2Fwp%2Fv2%2Fmedia&parent=50"}],"curies":[{"name":"wp","href":"https:\/\/api.w.org\/{rel}","templated":true}]}}