{"id":51,"date":"2019-05-13T14:45:18","date_gmt":"2019-05-13T14:45:18","guid":{"rendered":"https:\/\/boutique.orthinea.com\/?page_id=51"},"modified":"2023-02-14T12:29:12","modified_gmt":"2023-02-14T12:29:12","slug":"contact","status":"publish","type":"page","link":"https:\/\/boutique.orthinea.com\/?page_id=51","title":{"rendered":"Contact"},"content":{"rendered":"<table border=\"0\" width=\"800\" align=\"center\">\n<tbody>\n<tr>\n<td valign=\"top\" width=\"400\">\n<h4 class=\"style10\" align=\"center\">Nos coordonn\u00e9es<\/h4>\n<p align=\"center\">102 route de Versailles<br \/>\n91160 Champlan<\/p>\n<p align=\"center\">T\u00e9l. 0033.(0)1 69 07 61 13<br \/>\nFax. 0033.(0)1 64 46 25 48<\/p>\n<p align=\"center\"><img loading=\"lazy\" decoding=\"async\" src=\"http:\/\/orthinea.com\/Liens\/Mail.JPG\" width=\"165\" height=\"22\" \/><\/p>\n<p align=\"center\">\n<h4 align=\"center\"><span class=\"style10\">R\u00e9ponse t\u00e9l\u00e9phonique <\/span><\/h4>\n<p align=\"center\">du lundi au vendredi<\/p>\n<p align=\"center\">de 9h00 \u00e0 12h00<br \/>\net de 14h00 \u00e0 18h00<br \/>\n(17h00 le vendredi)<\/p>\n<\/td>\n<td valign=\"top\" width=\"400\">\n<h4 class=\"style10\" align=\"center\">Nos points de vente<\/h4>\n<p align=\"center\">Retrouvez les produits ORTHINEA dans de nombreux<br \/>\n<a href=\"http:\/\/orthinea.com\/Pages\/points_vente.html\" target=\"_blank\" rel=\"noopener noreferrer\">points de vente<\/a> pr\u00e8s de chez vous. Cliquez <a href=\"http:\/\/orthinea.com\/Pages\/points_vente.html\">ici<\/a> pour les d\u00e9couvrir.<\/p>\n<p align=\"center\">Pour vous garantir un service proche de chez vous,<br \/>\nORTHINEA ne fait pas de vente directe aux particuliers sur la plupart de ses produits.<\/p>\n<p align=\"center\">\n<h4 class=\"style10\" align=\"center\">Nos d\u00e9lais de livraison<\/h4>\n<p align=\"center\">Produits en stock : 18 \u00e0 48H<\/p>\n<p align=\"center\">Produits en livraison directe d&rsquo;usine : 5 jours ouvr\u00e9s<\/p>\n<p align=\"center\">Fauteuils roulants sur mesure : 4 \u00e0 6 semaines<\/p>\n<p align=\"center\">Lits et tables th\u00e9rapeutiques : 4 \u00e0 8 semaines<\/p>\n<\/td>\n<\/tr>\n<\/tbody>\n<\/table>\n","protected":false},"excerpt":{"rendered":"<p>Nos coordonn\u00e9es 102 route de Versailles 91160 Champlan T\u00e9l. 0033.(0)1 69 07 61 13 Fax. 0033.(0)1 64 46 25 48 R\u00e9ponse t\u00e9l\u00e9phonique du lundi au vendredi de 9h00 \u00e0 12h00 et de 14h00 \u00e0 18h00 (17h00 le vendredi) Nos points de vente Retrouvez les produits ORTHINEA dans de nombreux points de vente pr\u00e8s de chez [&hellip;]<\/p>\n","protected":false},"author":1,"featured_media":0,"parent":0,"menu_order":0,"comment_status":"closed","ping_status":"closed","template":"","meta":{"footnotes":""},"class_list":["post-51","page","type-page","status-publish","hentry"],"jetpack_sharing_enabled":true,"_links":{"self":[{"href":"https:\/\/boutique.orthinea.com\/index.php?rest_route=\/wp\/v2\/pages\/51","targetHints":{"allow":["GET"]}}],"collection":[{"href":"https:\/\/boutique.orthinea.com\/index.php?rest_route=\/wp\/v2\/pages"}],"about":[{"href":"https:\/\/boutique.orthinea.com\/index.php?rest_route=\/wp\/v2\/types\/page"}],"author":[{"embeddable":true,"href":"https:\/\/boutique.orthinea.com\/index.php?rest_route=\/wp\/v2\/users\/1"}],"replies":[{"embeddable":true,"href":"https:\/\/boutique.orthinea.com\/index.php?rest_route=%2Fwp%2Fv2%2Fcomments&post=51"}],"version-history":[{"count":3,"href":"https:\/\/boutique.orthinea.com\/index.php?rest_route=\/wp\/v2\/pages\/51\/revisions"}],"predecessor-version":[{"id":21532,"href":"https:\/\/boutique.orthinea.com\/index.php?rest_route=\/wp\/v2\/pages\/51\/revisions\/21532"}],"wp:attachment":[{"href":"https:\/\/boutique.orthinea.com\/index.php?rest_route=%2Fwp%2Fv2%2Fmedia&parent=51"}],"curies":[{"name":"wp","href":"https:\/\/api.w.org\/{rel}","templated":true}]}}