{"id":21664,"date":"2025-01-31T15:19:45","date_gmt":"2025-01-31T15:19:45","guid":{"rendered":"https:\/\/boutique.orthinea.com\/?post_type=product&#038;p=21664"},"modified":"2026-01-15T15:29:29","modified_gmt":"2026-01-15T15:29:29","slug":"aisle-mobby-fauteuil-roulant-chaise-dembarquement-ou-devacuation","status":"publish","type":"product","link":"https:\/\/boutique.orthinea.com\/?product=aisle-mobby-fauteuil-roulant-chaise-dembarquement-ou-devacuation","title":{"rendered":"Aisle Mobby fauteuil roulant &#8211; chaise d&#8217;embarquement ou d&rsquo;\u00e9vacuation"},"content":{"rendered":"<p>Le Aisle Mobby est une unit\u00e9 de transport pour un passager PMR, destin\u00e9 \u00e0 l&#8217;embarquement ou au d\u00e9barquement dans les avions ou dans les trains. Il convient aussi comme chaise d&rsquo;\u00e9vacuation. On peut l&rsquo;utiliser pour l&rsquo;acc\u00e8s PMR dans les cas d&rsquo;espace limit\u00e9 : salles de spectacle, mus\u00e9es \u00e0 grande densit\u00e9 de public, etc.<br \/>\nSa largeur tr\u00e8s contenue de 42cm convient \u00e0 tous les couloirs, les WC non-adapt\u00e9s, les petits ascenseurs, etc.<br \/>\nTout l&rsquo;\u00e9quipement visible sur la photo, notamment le harnais 4 points \u00e0 4 enrouleurs et l&rsquo;appui-t\u00eate, est livr\u00e9 de s\u00e9rie. On peut l&rsquo;utiliser aussi bien pour des personnes valides \u00e0 perim\u00e8tre de marche r\u00e9duit, que pour des handicaps importants.<\/p>\n<p><strong>Caract\u00e9ristiques g\u00e9n\u00e9rales :<\/strong><br \/>\n. Frein automatique type chariot \u00e0 bagages (m\u00eame fonctionnement).<br \/>\n. Repose-pieds tr\u00e8s solide. M\u00eame si le passager se met debout dessus, le Mobby reste parfaitement stable.<br \/>\n. Poids\u00a029 Kg.<br \/>\n. 150 Kg de charge maximale.<br \/>\n. Largeur d&rsquo;assise 38 cm.<br \/>\n. Hauteur d&rsquo;assise au choix : 41 ou 55 cm.<br \/>\n. Largeur entre accoudoirs r\u00e9glable (pour les passagers tr\u00e8s corpulents, il suffit de les relever).<br \/>\n. Largeur totale de 42 cm seulement (47cm au niveau des accoudoirs si vous les r\u00e9glez en position large).<br \/>\n. Accoudoirs escamotables vers le haut, tr\u00e8s solides et inamovibles.<br \/>\n. Conception tr\u00e8s solide, anti-vol et pratiquement sans entretien.<br \/>\n. Double plastification avec couleur au choix. Les pi\u00e8ces non-plastifi\u00e9es sont en acier inoxydable.<br \/>\n. Pas de pneumatiques. Bandages souples sans entretien.<br \/>\n. Appui-t\u00eate r\u00e9glable et amovible.<br \/>\n. Sangle derri\u00e8re les jambes.<br \/>\n. Grande plateforme sous l&rsquo;assise pour le bagage \u00e0 main.<\/p>\n<p><strong>Couleurs standard propos\u00e9es : <\/strong><br \/>\nJaune (RAL 1023)<br \/>\nBleu (RAL 5005)<br \/>\nRouge (RAL 3020)<br \/>\nOrange (RAL 2009)<br \/>\nCh\u00e2ssis bas gris m\u00e9tallis\u00e9 RAL 9006<\/p>\n<p>Options possibles : anti-vol (serrure sur la barre de frein), crochet \u00e0 bagage sur la barre de pouss\u00e9e, plaque d&rsquo;identification personnalis\u00e9e.<\/p>\n","protected":false},"excerpt":{"rendered":"<p>Le Aisle Mobby est une unit\u00e9 de transport pour un passager PMR, destin\u00e9 \u00e0 l&#8217;embarquement ou au d\u00e9barquement dans les avions ou dans les trains. Il convient aussi comme chaise d&rsquo;\u00e9vacuation. On peut l&rsquo;utiliser pour l&rsquo;acc\u00e8s PMR dans les cas d&rsquo;espace limit\u00e9 : salles de spectacle, mus\u00e9es \u00e0 grande densit\u00e9 de public, etc. Sa largeur [&hellip;]<\/p>\n","protected":false},"featured_media":21665,"comment_status":"open","ping_status":"closed","template":"","meta":[],"product_brand":[],"product_cat":[41],"product_tag":[],"class_list":{"0":"post-21664","1":"product","2":"type-product","3":"status-publish","4":"has-post-thumbnail","6":"product_cat-transport_pmr","8":"first","9":"instock","10":"taxable","11":"shipping-taxable","12":"purchasable","13":"product-type-variable"},"jetpack_sharing_enabled":true,"_links":{"self":[{"href":"https:\/\/boutique.orthinea.com\/index.php?rest_route=\/wp\/v2\/product\/21664","targetHints":{"allow":["GET"]}}],"collection":[{"href":"https:\/\/boutique.orthinea.com\/index.php?rest_route=\/wp\/v2\/product"}],"about":[{"href":"https:\/\/boutique.orthinea.com\/index.php?rest_route=\/wp\/v2\/types\/product"}],"replies":[{"embeddable":true,"href":"https:\/\/boutique.orthinea.com\/index.php?rest_route=%2Fwp%2Fv2%2Fcomments&post=21664"}],"wp:featuredmedia":[{"embeddable":true,"href":"https:\/\/boutique.orthinea.com\/index.php?rest_route=\/wp\/v2\/media\/21665"}],"wp:attachment":[{"href":"https:\/\/boutique.orthinea.com\/index.php?rest_route=%2Fwp%2Fv2%2Fmedia&parent=21664"}],"wp:term":[{"taxonomy":"product_brand","embeddable":true,"href":"https:\/\/boutique.orthinea.com\/index.php?rest_route=%2Fwp%2Fv2%2Fproduct_brand&post=21664"},{"taxonomy":"product_cat","embeddable":true,"href":"https:\/\/boutique.orthinea.com\/index.php?rest_route=%2Fwp%2Fv2%2Fproduct_cat&post=21664"},{"taxonomy":"product_tag","embeddable":true,"href":"https:\/\/boutique.orthinea.com\/index.php?rest_route=%2Fwp%2Fv2%2Fproduct_tag&post=21664"}],"curies":[{"name":"wp","href":"https:\/\/api.w.org\/{rel}","templated":true}]}}