{"id":21744,"date":"2025-05-20T13:14:55","date_gmt":"2025-05-20T13:14:55","guid":{"rendered":"https:\/\/boutique.orthinea.com\/?post_type=product&#038;p=21744"},"modified":"2026-02-16T12:40:16","modified_gmt":"2026-02-16T12:40:16","slug":"wivolt","status":"publish","type":"product","link":"https:\/\/boutique.orthinea.com\/?product=wivolt","title":{"rendered":"WiVOLT diagnostic batteries et prises USB"},"content":{"rendered":"<p><strong>Diagnostic des batteries et alimentations USB 5V (sauf variante \u00ab\u00a0standard\u00a0\u00bb), pour fauteuils roulants et scooters.<\/strong><\/p>\n<p>Le WiVOLT Standard se compose d&rsquo;une prise, et d&rsquo;un \u00e9cran.<br \/>\nIl permet de surveiller en continu le voltage des batteries de tout type de fauteuils roulants ou scooters \u00e9lectriques. C&rsquo;est l&rsquo;outil de diagnostic le moins cher et le plus pratique, car on peut rouler avec le v\u00e9hicule tout en observant en temps r\u00e9el le comportement des batteries!<\/p>\n<p>Le WiVOLT PLUS se compose d&rsquo;une prise m\u00e2le et une prise femelle, et d&rsquo;un \u00e9cran.<br \/>\nIl permet d&rsquo;observer le voltage des batteries seules, mais aussi en plus le voltage en charge. On diagnostique facilement le bon fonctionnement \u00e0 la fois des batteries et du chargeur.<\/p>\n<p>Le WiVOLT USB se compose d&rsquo;une prise m\u00e2le, et d&rsquo;un \u00e9cran avec une ou deux prises USB.<br \/>\nIl permet d&rsquo;observer le voltage des batteries seules, et de brancher deux appareils \u00e0 prises USB 5V sur tout type de fauteuils roulants ou scooters \u00e9lectriques.<\/p>\n<p>Notez que votre mat\u00e9riel doit disposer d&rsquo;une prise de charge standard ronde \u00e0 3 broches, de type \u00ab\u00a0XLR\u00a0\u00bb. Le WiVOLT ne sera pas compatible avec les petites prises rondes genre chargeur de v\u00e9lo \u00e9lectrique, ni avec des syst\u00e8mes de charge \u00e0 socle.<br \/>\nExemple de prise XLR classique :<img loading=\"lazy\" decoding=\"async\" src=\"https:\/\/boutique.orthinea.com\/wp-content\/uploads\/2025\/05\/nc3mx-600x450.png\" alt=\"\" width=\"300\" height=\"225\" class=\"alignnone size-medium wp-image-21765\" srcset=\"https:\/\/boutique.orthinea.com\/wp-content\/uploads\/2025\/05\/nc3mx-600x450.png 600w, https:\/\/boutique.orthinea.com\/wp-content\/uploads\/2025\/05\/nc3mx-768x576.png 768w, https:\/\/boutique.orthinea.com\/wp-content\/uploads\/2025\/05\/nc3mx-416x312.png 416w, https:\/\/boutique.orthinea.com\/wp-content\/uploads\/2025\/05\/nc3mx.png 800w\" sizes=\"auto, (max-width: 300px) 100vw, 300px\" \/><br \/>\nInformations compl\u00e8tes sur notre <a href=\"https:\/\/orthinea.com\/Pages\/wivolt.html\" target=\"_blank\">page internet<\/a>.<\/p>\n","protected":false},"excerpt":{"rendered":"<p>Diagnostic des batteries et alimentations USB 5V (sauf variante \u00ab\u00a0standard\u00a0\u00bb), pour fauteuils roulants et scooters.<\/p>\n","protected":false},"featured_media":21752,"comment_status":"open","ping_status":"closed","template":"","meta":[],"product_brand":[],"product_cat":[46,47],"product_tag":[],"class_list":{"0":"post-21744","1":"product","2":"type-product","3":"status-publish","4":"has-post-thumbnail","6":"product_cat-maintenance","7":"product_cat-personnaliser","9":"first","10":"instock","11":"taxable","12":"shipping-taxable","13":"purchasable","14":"product-type-variable"},"jetpack_sharing_enabled":true,"_links":{"self":[{"href":"https:\/\/boutique.orthinea.com\/index.php?rest_route=\/wp\/v2\/product\/21744","targetHints":{"allow":["GET"]}}],"collection":[{"href":"https:\/\/boutique.orthinea.com\/index.php?rest_route=\/wp\/v2\/product"}],"about":[{"href":"https:\/\/boutique.orthinea.com\/index.php?rest_route=\/wp\/v2\/types\/product"}],"replies":[{"embeddable":true,"href":"https:\/\/boutique.orthinea.com\/index.php?rest_route=%2Fwp%2Fv2%2Fcomments&post=21744"}],"wp:featuredmedia":[{"embeddable":true,"href":"https:\/\/boutique.orthinea.com\/index.php?rest_route=\/wp\/v2\/media\/21752"}],"wp:attachment":[{"href":"https:\/\/boutique.orthinea.com\/index.php?rest_route=%2Fwp%2Fv2%2Fmedia&parent=21744"}],"wp:term":[{"taxonomy":"product_brand","embeddable":true,"href":"https:\/\/boutique.orthinea.com\/index.php?rest_route=%2Fwp%2Fv2%2Fproduct_brand&post=21744"},{"taxonomy":"product_cat","embeddable":true,"href":"https:\/\/boutique.orthinea.com\/index.php?rest_route=%2Fwp%2Fv2%2Fproduct_cat&post=21744"},{"taxonomy":"product_tag","embeddable":true,"href":"https:\/\/boutique.orthinea.com\/index.php?rest_route=%2Fwp%2Fv2%2Fproduct_tag&post=21744"}],"curies":[{"name":"wp","href":"https:\/\/api.w.org\/{rel}","templated":true}]}}